{"id":1184,"date":"2013-03-03T14:17:54","date_gmt":"2013-03-03T14:17:54","guid":{"rendered":"https:\/\/karukapa.ee\/?page_id=1184"},"modified":"2013-03-15T20:27:22","modified_gmt":"2013-03-15T20:27:22","slug":"lisateenused","status":"publish","type":"page","link":"https:\/\/karukapa.ee\/?page_id=1184","title":{"rendered":"Lisateenused"},"content":{"rendered":"<p><strong>Teenust\u00f6\u00f6d mini-laaduriga<br \/>\n<\/strong><\/p>\n<p>Teenust\u00f6\u00f6dena pakume mulla planeerimist, aukude puurimist jms. T\u00f6id teostame \u00fcle kogu Eesti. Hinnap\u00e4ringu palume saata e-mailile info@karukapa.ee<\/p>\n<p>Samuti pakume puude \u00fcmberistutamise teenust.<\/p>\n<p><strong>Haljastuse rajamine<\/strong><\/p>\n<p>Haljastuse rajamist pakub meie koost\u00f6\u00f6partner <strong>Treeline Est O\u00dc<\/strong> (<a href=\"http:\/\/www.treeline.ee\">www.treeline.ee<\/a>)<\/p>\n<p>&nbsp;<\/p>\n","protected":false},"excerpt":{"rendered":"<p>Teenust\u00f6\u00f6d mini-laaduriga Teenust\u00f6\u00f6dena pakume mulla planeerimist, aukude puurimist jms. T\u00f6id teostame \u00fcle kogu Eesti. Hinnap\u00e4ringu palume saata e-mailile info@karukapa.ee Samuti pakume puude \u00fcmberistutamise teenust. Haljastuse rajamine Haljastuse rajamist pakub meie koost\u00f6\u00f6partner Treeline Est O\u00dc (www.treeline.ee) &nbsp;<\/p>\n","protected":false},"author":6,"featured_media":0,"parent":0,"menu_order":0,"comment_status":"closed","ping_status":"open","template":"","meta":[],"_links":{"self":[{"href":"https:\/\/karukapa.ee\/index.php?rest_route=\/wp\/v2\/pages\/1184"}],"collection":[{"href":"https:\/\/karukapa.ee\/index.php?rest_route=\/wp\/v2\/pages"}],"about":[{"href":"https:\/\/karukapa.ee\/index.php?rest_route=\/wp\/v2\/types\/page"}],"author":[{"embeddable":true,"href":"https:\/\/karukapa.ee\/index.php?rest_route=\/wp\/v2\/users\/6"}],"replies":[{"embeddable":true,"href":"https:\/\/karukapa.ee\/index.php?rest_route=%2Fwp%2Fv2%2Fcomments&post=1184"}],"version-history":[{"count":5,"href":"https:\/\/karukapa.ee\/index.php?rest_route=\/wp\/v2\/pages\/1184\/revisions"}],"predecessor-version":[{"id":1188,"href":"https:\/\/karukapa.ee\/index.php?rest_route=\/wp\/v2\/pages\/1184\/revisions\/1188"}],"wp:attachment":[{"href":"https:\/\/karukapa.ee\/index.php?rest_route=%2Fwp%2Fv2%2Fmedia&parent=1184"}],"curies":[{"name":"wp","href":"https:\/\/api.w.org\/{rel}","templated":true}]}}