{"id":737,"date":"2012-09-20T10:54:28","date_gmt":"2012-09-20T10:54:28","guid":{"rendered":"http:\/\/localhost:49401\/?page_id=737"},"modified":"2021-06-24T09:07:59","modified_gmt":"2021-06-24T09:07:59","slug":"kontakt","status":"publish","type":"page","link":"https:\/\/karukapa.ee\/?page_id=737","title":{"rendered":"Kontakt"},"content":{"rendered":"<table>\n<tbody>\n<tr style=\"font-size: 20px;\">\n<td>Oleme avatud:<\/td>\n<td>Meie kontaktid:<\/td>\n<\/tr>\n<tr>\n<td>APRILL-OKTOOBER:<br \/>\nE-R 8:00 \u2013 16:30<br \/>\nL eelneval kokkuleppel<strong><span style=\"color: #ff0000;\">T\u00e4helepanu! 23 kuni 27 juuni oleme suletud.<\/span><\/strong><\/td>\n<td>Luua k\u00fcla, Palamuse vald<br \/>\nJ\u00f5gevamaa 49203tel: 51 08 159e-mail: info@karukapa.eeAsume t\u00e4psemalt siin: <a href=\"http:\/\/goo.gl\/maps\/Rhme3\"><img loading=\"lazy\" class=\"alignnone size-full wp-image-939\" title=\"google-maps\" src=\"\/wp-content\/uploads\/2012\/09\/google-maps-logo.png\" alt=\"\" width=\"50\" height=\"50\" \/><\/a><\/td>\n<\/tr>\n<\/tbody>\n<\/table>\n<p>K\u00fcsimuste tekkimisel v\u00f5ite meiega alati \u00fchendust v\u00f5tta ka alloleva kirjavormi kaudu:<\/p>\n<div class=\"contactform\" id=\"cuform\">\r\r\t\t\t<form action=\"#cuform\" method=\"post\" id=\"tinyform\">\r\r\t\t\t<div>\r\r\t\t\t<input name=\"cuf_name\" id=\"cuf_name\" value=\"\" class=\"cuf_input\" \/>\r\r\t\t\t<input name=\"cuf_sendit\" id=\"cuf_sendit\" value=\"1\" class=\"cuf_input\" \/>\r\r\t\t\t<label for=\"cuf_sender\" class=\"cuf_label\">Nimi:<\/label>\r\r\t\t\t<input name=\"cuf_sender\" id=\"cuf_sender\" size=\"30\" value=\"\" class=\"cuf_field\" \/>\r\r\t\t\t<label for=\"cuf_email\" class=\"cuf_label\">Email:<\/label>\r\r\t\t\t<input name=\"cuf_email\" id=\"cuf_email\" size=\"30\" value=\"\" class=\"cuf_field\" \/>\r\r\t\t\t<label for=\"cuf_subject\" class=\"cuf_label\">Teema:<\/label>\r\r\t\t\t<input name=\"cuf_subject\" id=\"cuf_subject\" size=\"30\" value=\"\" class=\"cuf_field\" \/>\r\r\t\t\t<label for=\"cuf_msg\" class=\"cuf_label\">Teie S\u00f5num:<\/label>\r\r\t\t\t<textarea name=\"cuf_msg\" id=\"cuf_msg\" class=\"cuf_textarea\" cols=\"50\" rows=\"10\"><\/textarea>\r\r\t\t\t\t\r\r\t\t\t<input type=\"submit\" name=\"submit\" id=\"contactsubmit\" class=\"cuf_submit\" value=\"Saada\"  onclick=\"return checkForm('');\" \/>\r\r\t\t\t<\/div>\r\r\t\t\t<div id=\"kenmorecontent\" style=\"float:right;\">\r\r\t\t\t<a href=\"https:\/\/www.kenmoredesign.com\/\" alt=\"boston web design\" title=\"Web Design Company\" target=\"_blank\">web design company<\/a>\r\r\t\t\t<\/div>\r\r\t\t\t<div style=\"clear:both;\"><\/div>\r\r\t\t\t<\/form><\/div>\r\r\t\t<script type=\"text\/javascript\">\r\r\t\tfunction checkForm( n )\r\r\t\t{\r\r\t\t\tvar f = new Array();\r\r\t\t\tf[1] = document.getElementById('cuf_sender' + n).value;\r\r\t\t\tf[2] = document.getElementById('cuf_email' + n).value;\r\r\t\t\tf[3] = document.getElementById('cuf_subject' + n).value;\r\r\t\t\tf[4] = document.getElementById('cuf_msg' + n).value;\r\r\t\t\tf[5] = f[6] = f[7] = f[8] = f[9] = '-';\r\r\t\t\r\r\t\tvar msg = \"\";\r\r\t\tfor ( i=0; i < f.length; i++ )\r\r\t\t{\r\r\t\t\tif ( f[i] == \"\" )\r\r\t\t\t\tmsg = \"Palun t\u00e4itke k\u00f5ik v\u00e4ljad.\\nPlease fill out all fields.\\n\\n\";\r\r\t\t}\r\r\t\tif ( !isEmail(f[2]) )\r\r\t\t\tmsg += \"Vale e-mail.\\nWrong Email.\";\r\r\t\tif ( msg != \"\" )\r\r\t\t{\r\r\t\t\talert(msg);\r\r\t\t\treturn false;\r\r\t\t}\r\r\t}\r\r\tfunction isEmail(email)\r\r\t{\r\r\t\tvar rx = \/^([^\\s@,:\"<>]+)@([^\\s@,:\"<>]+\\.[^\\s@,:\"<>.\\d]{2,}|(\\d{1,3}\\.){3}\\d{1,3})$\/;\r\r\t\tvar part = email.match(rx);\r\r\t\tif ( part )\r\r\t\t\treturn true;\r\r\t\telse\r\r\t\t\treturn false\r\r\t}\r\r\tdocument.getElementById(\"kenmorecontent\").style.visibility = \"hidden\";\r\r\t<\/script>\r\r\t\n","protected":false},"excerpt":{"rendered":"<p>Oleme avatud: Meie kontaktid: APRILL-OKTOOBER: E-R 8:00 \u2013 16:30 L eelneval kokkuleppelT\u00e4helepanu! 23 kuni 27 juuni oleme suletud. Luua k\u00fcla, Palamuse vald J\u00f5gevamaa 49203tel: 51 08 159e-mail: info@karukapa.eeAsume t\u00e4psemalt siin: K\u00fcsimuste tekkimisel v\u00f5ite meiega alati \u00fchendust v\u00f5tta ka alloleva kirjavormi &hellip; <a href=\"https:\/\/karukapa.ee\/?page_id=737\">Continue reading <span class=\"meta-nav\">&rarr;<\/span><\/a><\/p>\n","protected":false},"author":6,"featured_media":0,"parent":0,"menu_order":0,"comment_status":"closed","ping_status":"open","template":"","meta":[],"_links":{"self":[{"href":"https:\/\/karukapa.ee\/index.php?rest_route=\/wp\/v2\/pages\/737"}],"collection":[{"href":"https:\/\/karukapa.ee\/index.php?rest_route=\/wp\/v2\/pages"}],"about":[{"href":"https:\/\/karukapa.ee\/index.php?rest_route=\/wp\/v2\/types\/page"}],"author":[{"embeddable":true,"href":"https:\/\/karukapa.ee\/index.php?rest_route=\/wp\/v2\/users\/6"}],"replies":[{"embeddable":true,"href":"https:\/\/karukapa.ee\/index.php?rest_route=%2Fwp%2Fv2%2Fcomments&post=737"}],"version-history":[{"count":5,"href":"https:\/\/karukapa.ee\/index.php?rest_route=\/wp\/v2\/pages\/737\/revisions"}],"predecessor-version":[{"id":1776,"href":"https:\/\/karukapa.ee\/index.php?rest_route=\/wp\/v2\/pages\/737\/revisions\/1776"}],"wp:attachment":[{"href":"https:\/\/karukapa.ee\/index.php?rest_route=%2Fwp%2Fv2%2Fmedia&parent=737"}],"curies":[{"name":"wp","href":"https:\/\/api.w.org\/{rel}","templated":true}]}}